{"id":3,"date":"2022-06-16T10:46:09","date_gmt":"2022-06-16T10:46:09","guid":{"rendered":"http:\/\/senoradj.com\/?page_id=3"},"modified":"2026-03-11T09:48:30","modified_gmt":"2026-03-11T09:48:30","slug":"politica-privacidad","status":"publish","type":"page","link":"https:\/\/senoradj.com\/index.php\/politica-privacidad\/","title":{"rendered":"Pol\u00edtica de Privacidad"},"content":{"rendered":"\t\t<div data-elementor-type=\"wp-page\" data-elementor-id=\"3\" class=\"elementor elementor-3\">\n\t\t\t\t\t\t<section class=\"elementor-section elementor-top-section elementor-element elementor-element-9fe27d1 elementor-section-full_width elementor-section-stretched elementor-section-height-default elementor-section-height-default\" data-id=\"9fe27d1\" data-element_type=\"section\" data-e-type=\"section\" data-settings=\"{&quot;stretch_section&quot;:&quot;section-stretched&quot;}\">\n\t\t\t\t\t\t<div class=\"elementor-container elementor-column-gap-default\">\n\t\t\t\t\t<div class=\"elementor-column elementor-col-100 elementor-top-column elementor-element elementor-element-40bf6bfb\" data-id=\"40bf6bfb\" data-element_type=\"column\" data-e-type=\"column\">\n\t\t\t<div class=\"elementor-widget-wrap elementor-element-populated\">\n\t\t\t\t\t\t<div class=\"elementor-element elementor-element-c5b727f elementor-widget elementor-widget-heading\" data-id=\"c5b727f\" data-element_type=\"widget\" data-e-type=\"widget\" data-widget_type=\"heading.default\">\n\t\t\t\t<div class=\"elementor-widget-container\">\n\t\t\t\t\t<h2 class=\"elementor-heading-title elementor-size-default\">POL\u00cdTICA DE PRIVACIDAD<\/h2>\t\t\t\t<\/div>\n\t\t\t\t<\/div>\n\t\t\t\t<div class=\"elementor-element elementor-element-283827d3 elementor-widget elementor-widget-text-editor\" data-id=\"283827d3\" data-element_type=\"widget\" data-e-type=\"widget\" data-widget_type=\"text-editor.default\">\n\t\t\t\t<div class=\"elementor-widget-container\">\n\t\t\t\t\t\t\t\t\t\n<p>Pol\u00edtica de Privacidad de <a href=\"http:\/\/www.senoradj.com\/\">www.senoradj.com<\/a><\/p>\n\n<p>\u00a0<\/p>\n\n<p>Gracias por visitar <a href=\"http:\/\/www.senoradj.com\/\">www.senoradj.com<\/a>. Respetamos su privacidad y nos comprometemos a proteger la informaci\u00f3n personal que pueda proporcionarnos a trav\u00e9s de nuestro sitio web. Esta Pol\u00edtica de Privacidad explica c\u00f3mo recopilamos, usamos, divulgamos y protegemos su informaci\u00f3n cuando visita nuestro sitio.<\/p>\n\n<p><strong>Informaci\u00f3n que Recopilamos:<\/strong><\/p>\n\n<p>Cuando visita <a href=\"http:\/\/www.senoradj.com\/\">www.senoradj.com<\/a>, recopilamos autom\u00e1ticamente cierta informaci\u00f3n sobre su dispositivo, incluida su direcci\u00f3n IP, tipo de navegador, p\u00e1ginas visitadas y la hora y fecha de su visita. Adem\u00e1s, si elige proporcionarnos informaci\u00f3n personal, como su nombre y direcci\u00f3n de correo electr\u00f3nico a trav\u00e9s de formularios de contacto o suscripci\u00f3n, tambi\u00e9n la almacenaremos.<\/p>\n\n<p><strong>Uso de la Informaci\u00f3n:<\/strong><\/p>\n\n<p>Utilizamos la informaci\u00f3n recopilada para personalizar su experiencia en nuestro sitio, mejorar nuestro contenido y enviarle informaci\u00f3n relevante sobre eventos, noticias y actualizaciones relacionadas con Se\u00f1ora Dj. No compartiremos su informaci\u00f3n personal con terceros sin su consentimiento, a menos que sea necesario para cumplir con la ley, proteger nuestros derechos o garantizar la seguridad de nuestro sitio.<\/p>\n\n<p><strong>Cookies:<\/strong><\/p>\n\n<p><a href=\"http:\/\/www.senoradj.com\/\">www.senoradj.com<\/a> utiliza cookies y tecnolog\u00edas similares para recopilar informaci\u00f3n sobre su interacci\u00f3n con nuestro sitio web. Puede ajustar la configuraci\u00f3n de su navegador para rechazar cookies, pero esto puede afectar su experiencia en nuestro sitio.<\/p>\n\n<p><strong>Enlaces a Otros Sitios:<\/strong><\/p>\n\n<p>Nuestro sitio web puede contener enlaces a sitios de terceros. No somos responsables de las pr\u00e1cticas de privacidad de estos sitios y le recomendamos revisar sus pol\u00edticas de privacidad.<\/p>\n\n<p><strong>Seguridad:<\/strong><\/p>\n\n<p>Implementamos medidas de seguridad para proteger la informaci\u00f3n personal que recopilamos. Sin embargo, no podemos garantizar la seguridad completa de la informaci\u00f3n transmitida a trav\u00e9s de Internet.<\/p>\n\n<p><strong>Cambios en la Pol\u00edtica de Privacidad:<\/strong><\/p>\n\n<p>Nos reservamos el derecho de actualizar esta Pol\u00edtica de Privacidad en cualquier momento. Le recomendamos revisar peri\u00f3dicamente esta p\u00e1gina para conocer cualquier cambio. La fecha de entrada en vigor se indicar\u00e1 al principio de la pol\u00edtica.<\/p>\n\n<p><strong>C\u00f3mo Contactarnos:<\/strong><\/p>\n\n<p>Si tiene preguntas sobre esta Pol\u00edtica de Privacidad, puede contactarnos a trav\u00e9s de [correo electr\u00f3nico o formulario de contacto].<\/p>\n\n<p>Gracias por confiar en <a href=\"http:\/\/www.senoradj.com\/\">www.senoradj.com<\/a>.<\/p>\n\t\t\t\t\t\t\t\t<\/div>\n\t\t\t\t<\/div>\n\t\t\t\t\t<\/div>\n\t\t<\/div>\n\t\t\t\t\t<\/div>\n\t\t<\/section>\n\t\t\t\t<\/div>\n\t\t","protected":false},"excerpt":{"rendered":"<p>POL\u00cdTICA DE PRIVACIDAD Pol\u00edtica de Privacidad de www.senoradj.com \u00a0 Gracias por visitar www.senoradj.com. Respetamos su privacidad y nos comprometemos a [&hellip;]<\/p>\n","protected":false},"author":1,"featured_media":0,"parent":0,"menu_order":0,"comment_status":"closed","ping_status":"closed","template":"","meta":{"site-sidebar-layout":"default","site-content-layout":"","ast-site-content-layout":"default","site-content-style":"default","site-sidebar-style":"default","ast-global-header-display":"","ast-banner-title-visibility":"","ast-main-header-display":"","ast-hfb-above-header-display":"","ast-hfb-below-header-display":"","ast-hfb-mobile-header-display":"","site-post-title":"disabled","ast-breadcrumbs-content":"","ast-featured-img":"","footer-sml-layout":"","ast-disable-related-posts":"","theme-transparent-header-meta":"","adv-header-id-meta":"","stick-header-meta":"","header-above-stick-meta":"","header-main-stick-meta":"","header-below-stick-meta":"","astra-migrate-meta-layouts":"default","ast-page-background-enabled":"default","ast-page-background-meta":{"desktop":{"background-color":"var(--ast-global-color-5)","background-image":"","background-repeat":"repeat","background-position":"center center","background-size":"auto","background-attachment":"scroll","background-type":"","background-media":"","overlay-type":"","overlay-color":"","overlay-opacity":"","overlay-gradient":""},"tablet":{"background-color":"","background-image":"","background-repeat":"repeat","background-position":"center center","background-size":"auto","background-attachment":"scroll","background-type":"","background-media":"","overlay-type":"","overlay-color":"","overlay-opacity":"","overlay-gradient":""},"mobile":{"background-color":"","background-image":"","background-repeat":"repeat","background-position":"center center","background-size":"auto","background-attachment":"scroll","background-type":"","background-media":"","overlay-type":"","overlay-color":"","overlay-opacity":"","overlay-gradient":""}},"ast-content-background-meta":{"desktop":{"background-color":"var(--ast-global-color-4)","background-image":"","background-repeat":"repeat","background-position":"center center","background-size":"auto","background-attachment":"scroll","background-type":"","background-media":"","overlay-type":"","overlay-color":"","overlay-opacity":"","overlay-gradient":""},"tablet":{"background-color":"var(--ast-global-color-4)","background-image":"","background-repeat":"repeat","background-position":"center center","background-size":"auto","background-attachment":"scroll","background-type":"","background-media":"","overlay-type":"","overlay-color":"","overlay-opacity":"","overlay-gradient":""},"mobile":{"background-color":"var(--ast-global-color-4)","background-image":"","background-repeat":"repeat","background-position":"center center","background-size":"auto","background-attachment":"scroll","background-type":"","background-media":"","overlay-type":"","overlay-color":"","overlay-opacity":"","overlay-gradient":""}},"footnotes":""},"class_list":["post-3","page","type-page","status-publish","hentry"],"yoast_head":"<!-- This site is optimized with the Yoast SEO plugin v27.2 - https:\/\/yoast.com\/product\/yoast-seo-wordpress\/ -->\n<title>Pol\u00edtica de Privacidad -<\/title>\n<meta name=\"robots\" content=\"index, follow, max-snippet:-1, max-image-preview:large, max-video-preview:-1\" \/>\n<link rel=\"canonical\" href=\"https:\/\/senoradj.com\/index.php\/politica-privacidad\/\" \/>\n<meta property=\"og:locale\" content=\"es_ES\" \/>\n<meta property=\"og:type\" content=\"article\" \/>\n<meta property=\"og:title\" content=\"Pol\u00edtica de Privacidad -\" \/>\n<meta property=\"og:description\" content=\"POL\u00cdTICA DE PRIVACIDAD Pol\u00edtica de Privacidad de www.senoradj.com \u00a0 Gracias por visitar www.senoradj.com. Respetamos su privacidad y nos comprometemos a [&hellip;]\" \/>\n<meta property=\"og:url\" content=\"https:\/\/senoradj.com\/index.php\/politica-privacidad\/\" \/>\n<meta property=\"article:modified_time\" content=\"2026-03-11T09:48:30+00:00\" \/>\n<meta name=\"twitter:card\" content=\"summary_large_image\" \/>\n<meta name=\"twitter:label1\" content=\"Tiempo de lectura\" \/>\n\t<meta name=\"twitter:data1\" content=\"2 minutos\" \/>\n<!-- \/ Yoast SEO plugin. -->","yoast_head_json":{"title":"Pol\u00edtica de Privacidad -","robots":{"index":"index","follow":"follow","max-snippet":"max-snippet:-1","max-image-preview":"max-image-preview:large","max-video-preview":"max-video-preview:-1"},"canonical":"https:\/\/senoradj.com\/index.php\/politica-privacidad\/","og_locale":"es_ES","og_type":"article","og_title":"Pol\u00edtica de Privacidad -","og_description":"POL\u00cdTICA DE PRIVACIDAD Pol\u00edtica de Privacidad de www.senoradj.com \u00a0 Gracias por visitar www.senoradj.com. Respetamos su privacidad y nos comprometemos a [&hellip;]","og_url":"https:\/\/senoradj.com\/index.php\/politica-privacidad\/","article_modified_time":"2026-03-11T09:48:30+00:00","twitter_card":"summary_large_image","twitter_misc":{"Tiempo de lectura":"2 minutos"},"schema":{"@context":"https:\/\/schema.org","@graph":[{"@type":"WebPage","@id":"https:\/\/senoradj.com\/index.php\/politica-privacidad\/","url":"https:\/\/senoradj.com\/index.php\/politica-privacidad\/","name":"Pol\u00edtica de Privacidad -","isPartOf":{"@id":"https:\/\/senoradj.com\/#website"},"datePublished":"2022-06-16T10:46:09+00:00","dateModified":"2026-03-11T09:48:30+00:00","breadcrumb":{"@id":"https:\/\/senoradj.com\/index.php\/politica-privacidad\/#breadcrumb"},"inLanguage":"es","potentialAction":[{"@type":"ReadAction","target":["https:\/\/senoradj.com\/index.php\/politica-privacidad\/"]}]},{"@type":"BreadcrumbList","@id":"https:\/\/senoradj.com\/index.php\/politica-privacidad\/#breadcrumb","itemListElement":[{"@type":"ListItem","position":1,"name":"Portada","item":"https:\/\/senoradj.com\/"},{"@type":"ListItem","position":2,"name":"Pol\u00edtica de Privacidad"}]},{"@type":"WebSite","@id":"https:\/\/senoradj.com\/#website","url":"https:\/\/senoradj.com\/","name":"","description":"No quiero ser otra dj, quiero ser algo m\u00e1s","potentialAction":[{"@type":"SearchAction","target":{"@type":"EntryPoint","urlTemplate":"https:\/\/senoradj.com\/?s={search_term_string}"},"query-input":{"@type":"PropertyValueSpecification","valueRequired":true,"valueName":"search_term_string"}}],"inLanguage":"es"}]}},"_links":{"self":[{"href":"https:\/\/senoradj.com\/index.php\/wp-json\/wp\/v2\/pages\/3","targetHints":{"allow":["GET"]}}],"collection":[{"href":"https:\/\/senoradj.com\/index.php\/wp-json\/wp\/v2\/pages"}],"about":[{"href":"https:\/\/senoradj.com\/index.php\/wp-json\/wp\/v2\/types\/page"}],"author":[{"embeddable":true,"href":"https:\/\/senoradj.com\/index.php\/wp-json\/wp\/v2\/users\/1"}],"replies":[{"embeddable":true,"href":"https:\/\/senoradj.com\/index.php\/wp-json\/wp\/v2\/comments?post=3"}],"version-history":[{"count":13,"href":"https:\/\/senoradj.com\/index.php\/wp-json\/wp\/v2\/pages\/3\/revisions"}],"predecessor-version":[{"id":557,"href":"https:\/\/senoradj.com\/index.php\/wp-json\/wp\/v2\/pages\/3\/revisions\/557"}],"wp:attachment":[{"href":"https:\/\/senoradj.com\/index.php\/wp-json\/wp\/v2\/media?parent=3"}],"curies":[{"name":"wp","href":"https:\/\/api.w.org\/{rel}","templated":true}]}}