{"id":660,"date":"2026-03-11T11:41:51","date_gmt":"2026-03-11T11:41:51","guid":{"rendered":"https:\/\/senoradj.com\/?page_id=660"},"modified":"2026-03-11T12:16:38","modified_gmt":"2026-03-11T12:16:38","slug":"bio","status":"publish","type":"page","link":"https:\/\/senoradj.com\/index.php\/bio\/","title":{"rendered":"BIO"},"content":{"rendered":"\t\t<div data-elementor-type=\"wp-page\" data-elementor-id=\"660\" class=\"elementor elementor-660\">\n\t\t\t\t\t\t<section class=\"elementor-section elementor-top-section elementor-element elementor-element-7a25d32 elementor-section-full_width elementor-hidden-mobile elementor-section-height-default elementor-section-height-default\" data-id=\"7a25d32\" data-element_type=\"section\" data-e-type=\"section\" data-settings=\"{&quot;background_background&quot;:&quot;video&quot;,&quot;background_video_link&quot;:&quot;https:\\\/\\\/senoradj.com\\\/wp-content\\\/uploads\\\/2026\\\/03\\\/FOTOfondoestrellas-1.mp4&quot;}\">\n\t\t\t\t\t\t\t\t<div class=\"elementor-background-video-container elementor-hidden-mobile\">\n\t\t\t\t\t\t\t\t\t\t\t\t\t<video class=\"elementor-background-video-hosted\" role=\"presentation\" autoplay muted playsinline loop><\/video>\n\t\t\t\t\t\t\t\t\t\t\t<\/div>\n\t\t\t\t\t\t\t\t<div class=\"elementor-container elementor-column-gap-default\">\n\t\t\t\t\t<div class=\"elementor-column elementor-col-100 elementor-top-column elementor-element elementor-element-4466c94\" data-id=\"4466c94\" data-element_type=\"column\" data-e-type=\"column\">\n\t\t\t<div class=\"elementor-widget-wrap elementor-element-populated\">\n\t\t\t\t\t\t<div class=\"elementor-element elementor-element-a31fe53 elementor-widget elementor-widget-spacer\" data-id=\"a31fe53\" data-element_type=\"widget\" data-e-type=\"widget\" data-widget_type=\"spacer.default\">\n\t\t\t\t<div class=\"elementor-widget-container\">\n\t\t\t\t\t\t\t<div class=\"elementor-spacer\">\n\t\t\t<div class=\"elementor-spacer-inner\"><\/div>\n\t\t<\/div>\n\t\t\t\t\t\t<\/div>\n\t\t\t\t<\/div>\n\t\t\t\t\t<\/div>\n\t\t<\/div>\n\t\t\t\t\t<\/div>\n\t\t<\/section>\n\t\t\t\t<section class=\"elementor-section elementor-top-section elementor-element elementor-element-ffde006 elementor-section-full_width elementor-section-stretched elementor-hidden-desktop elementor-hidden-tablet elementor-section-height-default elementor-section-height-default\" data-id=\"ffde006\" data-element_type=\"section\" data-e-type=\"section\" data-settings=\"{&quot;stretch_section&quot;:&quot;section-stretched&quot;,&quot;background_background&quot;:&quot;video&quot;,&quot;background_video_link&quot;:&quot;https:\\\/\\\/senoradj.com\\\/wp-content\\\/uploads\\\/2026\\\/03\\\/FOTOfondoestrellas-MOVIL_low.mp4&quot;,&quot;background_play_on_mobile&quot;:&quot;yes&quot;}\">\n\t\t\t\t\t\t\t\t<div class=\"elementor-background-video-container\">\n\t\t\t\t\t\t\t\t\t\t\t\t\t<video class=\"elementor-background-video-hosted\" role=\"presentation\" autoplay muted playsinline loop><\/video>\n\t\t\t\t\t\t\t\t\t\t\t<\/div>\n\t\t\t\t\t\t\t\t<div class=\"elementor-container elementor-column-gap-default\">\n\t\t\t\t\t<div class=\"elementor-column elementor-col-100 elementor-top-column elementor-element elementor-element-d487528\" data-id=\"d487528\" data-element_type=\"column\" data-e-type=\"column\">\n\t\t\t<div class=\"elementor-widget-wrap elementor-element-populated\">\n\t\t\t\t\t\t<div class=\"elementor-element elementor-element-f038ff5 elementor-widget elementor-widget-spacer\" data-id=\"f038ff5\" data-element_type=\"widget\" data-e-type=\"widget\" data-widget_type=\"spacer.default\">\n\t\t\t\t<div class=\"elementor-widget-container\">\n\t\t\t\t\t\t\t<div class=\"elementor-spacer\">\n\t\t\t<div class=\"elementor-spacer-inner\"><\/div>\n\t\t<\/div>\n\t\t\t\t\t\t<\/div>\n\t\t\t\t<\/div>\n\t\t\t\t\t<\/div>\n\t\t<\/div>\n\t\t\t\t\t<\/div>\n\t\t<\/section>\n\t\t\t\t<section class=\"elementor-section elementor-top-section elementor-element elementor-element-d9789e2 elementor-section-full_width elementor-section-stretched elementor-section-height-default elementor-section-height-default\" data-id=\"d9789e2\" data-element_type=\"section\" data-e-type=\"section\" data-settings=\"{&quot;stretch_section&quot;:&quot;section-stretched&quot;,&quot;background_background&quot;:&quot;classic&quot;}\">\n\t\t\t\t\t\t<div class=\"elementor-container elementor-column-gap-default\">\n\t\t\t\t\t<div class=\"elementor-column elementor-col-100 elementor-top-column elementor-element elementor-element-5660225\" data-id=\"5660225\" data-element_type=\"column\" data-e-type=\"column\">\n\t\t\t<div class=\"elementor-widget-wrap elementor-element-populated\">\n\t\t\t\t\t\t<div class=\"elementor-element elementor-element-d4c69eb elementor-widget elementor-widget-heading\" data-id=\"d4c69eb\" data-element_type=\"widget\" data-e-type=\"widget\" data-widget_type=\"heading.default\">\n\t\t\t\t<div class=\"elementor-widget-container\">\n\t\t\t\t\t<h2 class=\"elementor-heading-title elementor-size-default\">SE\u00d1ORA DJ<\/h2>\t\t\t\t<\/div>\n\t\t\t\t<\/div>\n\t\t\t\t<div class=\"elementor-element elementor-element-3d869bc elementor-widget elementor-widget-text-editor\" data-id=\"3d869bc\" data-element_type=\"widget\" data-e-type=\"widget\" data-widget_type=\"text-editor.default\">\n\t\t\t\t<div class=\"elementor-widget-container\">\n\t\t\t\t\t\t\t\t\t<p>Natural de Vilagarc\u00eda de Arousa, Galicia,\u00a0<b>es sin\u00f3nimo de fiesta, baile y diversidad.<\/b>\u00a0Con un pie en la cabina y otro en la pista, esta artista convierte cada una de sus sesiones en un ritual de desparrame colectivo.<\/p><p>Ha construido un s\u00f3lido recorrido desde su debut en el Festival en 2016, pasando por citas imprescindibles como\u00a0<b>PortAm\u00e9rica, Atlantic Fest, Vive Nigr\u00e1n, el Festival de la Luz e incluso en los Premios Feroz.<\/b>\u00a0Tras curtirse en salas clave de Vigo como Karma, Sonar o Kominsky, en 2024 dio el salto fuera de Galicia actuando en el<b>\u00a04 Latas de Madrid.<\/b>\u00a0En 2025 ha consolidado su expansi\u00f3n nacional arrancando con fuerza en la m\u00edtica sala Ocho y Medio\u00a0de la capital, y afronta este 2026\u00a0con el firme prop\u00f3sito de seguir sumando fechas y<b>\u00a0llevar su fiesta por toda la pen\u00ednsula<\/b><\/p><p>Su propuesta sonora es una coctelera ecl\u00e9ctica y sin complejos que viaja\u00a0<b>del disco al pop, y del sonido urbano al techno.<\/b>\u00a0Con el \u00abpetardeo fino\u00bb como inconfundible marca personal, sus sets est\u00e1n cargados de energ\u00eda y complicidad con el p\u00fablico. En ellos conviven grandes divas nacionales e internacionales, desde Rosal\u00eda y Rihanna hasta Britney Spears, M\u00f3nica Naranjo o Zahara.<\/p><p>Pero Se\u00f1ora DJ no se limita a poner m\u00fasica, sino que tiene un fuerte\u00a0<b>compromiso social.<\/b>\u00a0En sus sesiones apuesta firmemente por<b>\u00a0visibilizar a mujeres compositoras,<\/b>\u00a0integrando discursos\u00a0<b>feministas y pro-LGTBQ+.<\/b>\u00a0Adem\u00e1s, defiende y promueve activamente\u00a0<b>la m\u00fasica hecha en gallego,\u00a0<\/b>reafirmando su compromiso con una escena musical m\u00e1s\u00a0<b>plural, diversa y vibrante sin olvidar sus ra\u00edces.<\/b><\/p>\t\t\t\t\t\t\t\t<\/div>\n\t\t\t\t<\/div>\n\t\t\t\t<div class=\"elementor-element elementor-element-d614403 elementor-widget elementor-widget-heading\" data-id=\"d614403\" data-element_type=\"widget\" data-e-type=\"widget\" data-widget_type=\"heading.default\">\n\t\t\t\t<div class=\"elementor-widget-container\">\n\t\t\t\t\t<h2 class=\"elementor-heading-title elementor-size-default\">EVENTOS<\/h2>\t\t\t\t<\/div>\n\t\t\t\t<\/div>\n\t\t\t\t<div class=\"elementor-element elementor-element-f6cda77 elementor-widget elementor-widget-html\" data-id=\"f6cda77\" data-element_type=\"widget\" data-e-type=\"widget\" data-widget_type=\"html.default\">\n\t\t\t\t<div class=\"elementor-widget-container\">\n\t\t\t\t\t\n  <script charset=\"utf-8\" src=\"https:\/\/widgetv3.bandsintown.com\/main.min.js\"><\/script>\n  <a class=\"bit-widget-initializer\"\n    \n\tdata-artist-name=\"id_15502556\"\n\t\n\tdata-app-id=\"8f98e43d487cfbc0f4c205d3d31f997a\"\n\tdata-language=\"es\"\n\tdata-display-limit=\"all\"\n\t\n\tdata-bit-logo-position=\"bottomCenter\"\n\tdata-follow-section-position=\"hidden\"\n\tdata-follow-section-alignment=\"center\"\n\tdata-follow-section-cta-text=\"S\u00cdGUEME\"\n\tdata-follow-section-header-text=\".\"\n\tdata-background-color=\"rgba(0,0,0,1)\"\n\tdata-text-color=\"rgba(255,255,255,1)\"\n\tdata-bit-logo-color=\"rgba(255,255,255,1)\"\n\t\n\tdata-separator-color=\"rgba(240,152,197,1)\"\n\tdata-display-past-dates=\"true\"\n\tdata-button-label-capitalization=\"uppercase\"\n\tdata-location-capitalization=\"uppercase\"\n\tdata-venue-capitalization=\"uppercase\"\n\tdata-date-orientation=\"vertical\"\n\tdata-date-format=\"MMM. DD YYYY\"\n\tdata-date-border-width=\"2px\"\n\tdata-date-border-radius=\"10px\"\n\t\n\tdata-date-border-color=\"rgba(240,152,197,1)\"\n\tdata-event-ticket-cta-bg-color=\"rgba(240,152,197,1)\"\n\tdata-display-details=\"false\"\n\tdata-event-ticket-cta-size=\"large\"\n\tdata-event-ticket-text=\"TICKETS\"\n\tdata-display-local-dates=\"true\"\n\tdata-sold-out-button-background-color=\"rgba(155,155,155,1)\"\n\tdata-event-rsvp-position=\"hidden\"\n\tdata-play-my-city-position=\"hidden\"\n    ><\/a>\t\t\t\t<\/div>\n\t\t\t\t<\/div>\n\t\t\t\t\t<\/div>\n\t\t<\/div>\n\t\t\t\t\t<\/div>\n\t\t<\/section>\n\t\t\t\t<section class=\"elementor-section elementor-top-section elementor-element elementor-element-b304cc8 elementor-section-full_width elementor-section-stretched elementor-section-height-default elementor-section-height-default\" data-id=\"b304cc8\" data-element_type=\"section\" data-e-type=\"section\" data-settings=\"{&quot;stretch_section&quot;:&quot;section-stretched&quot;,&quot;background_background&quot;:&quot;classic&quot;}\">\n\t\t\t\t\t\t<div class=\"elementor-container elementor-column-gap-default\">\n\t\t\t\t\t<div class=\"elementor-column elementor-col-100 elementor-top-column elementor-element elementor-element-a62c449\" data-id=\"a62c449\" data-element_type=\"column\" data-e-type=\"column\">\n\t\t\t<div class=\"elementor-widget-wrap elementor-element-populated\">\n\t\t\t\t\t\t<div class=\"elementor-element elementor-element-d626d2f elementor-shape-rounded elementor-grid-0 e-grid-align-center elementor-widget elementor-widget-social-icons\" data-id=\"d626d2f\" data-element_type=\"widget\" data-e-type=\"widget\" data-widget_type=\"social-icons.default\">\n\t\t\t\t<div class=\"elementor-widget-container\">\n\t\t\t\t\t\t\t<div class=\"elementor-social-icons-wrapper elementor-grid\" role=\"list\">\n\t\t\t\t\t\t\t<span class=\"elementor-grid-item\" role=\"listitem\">\n\t\t\t\t\t<a class=\"elementor-icon elementor-social-icon elementor-social-icon-mixcloud elementor-repeater-item-0d4f752\" href=\"https:\/\/www.mixcloud.com\/Senora_DJ\/\" target=\"_blank\">\n\t\t\t\t\t\t<span class=\"elementor-screen-only\">Mixcloud<\/span>\n\t\t\t\t\t\t<i aria-hidden=\"true\" class=\"fab fa-mixcloud\"><\/i>\t\t\t\t\t<\/a>\n\t\t\t\t<\/span>\n\t\t\t\t\t\t\t<span class=\"elementor-grid-item\" role=\"listitem\">\n\t\t\t\t\t<a class=\"elementor-icon elementor-social-icon elementor-social-icon-youtube elementor-repeater-item-4057c75\" href=\"https:\/\/www.mixcloud.com\/Senora_DJ\/\" target=\"_blank\">\n\t\t\t\t\t\t<span class=\"elementor-screen-only\">Youtube<\/span>\n\t\t\t\t\t\t<i aria-hidden=\"true\" class=\"fab fa-youtube\"><\/i>\t\t\t\t\t<\/a>\n\t\t\t\t<\/span>\n\t\t\t\t\t\t\t<span class=\"elementor-grid-item\" role=\"listitem\">\n\t\t\t\t\t<a class=\"elementor-icon elementor-social-icon elementor-social-icon-instagram elementor-repeater-item-3744b3a\" href=\"https:\/\/www.instagram.com\/senora_dj\/\" target=\"_blank\">\n\t\t\t\t\t\t<span class=\"elementor-screen-only\">Instagram<\/span>\n\t\t\t\t\t\t<i aria-hidden=\"true\" class=\"fab fa-instagram\"><\/i>\t\t\t\t\t<\/a>\n\t\t\t\t<\/span>\n\t\t\t\t\t<\/div>\n\t\t\t\t\t\t<\/div>\n\t\t\t\t<\/div>\n\t\t\t\t<div class=\"elementor-element elementor-element-c421ab8 elementor-widget elementor-widget-image\" data-id=\"c421ab8\" data-element_type=\"widget\" data-e-type=\"widget\" data-widget_type=\"image.default\">\n\t\t\t\t<div class=\"elementor-widget-container\">\n\t\t\t\t\t\t\t\t\t\t\t\t\t\t\t\t<a href=\"https:\/\/drive.google.com\/drive\/folders\/1Q2H8HTPU70rmu8o66_fGs_XMKfnE-XVt?usp=sharing\" target=\"_blank\">\n\t\t\t\t\t\t\t<img fetchpriority=\"high\" decoding=\"async\" width=\"700\" height=\"330\" src=\"https:\/\/senoradj.com\/wp-content\/uploads\/2026\/03\/SDJ-Boton-Presskit.png\" class=\"attachment-full size-full wp-image-453\" alt=\"\" srcset=\"https:\/\/senoradj.com\/wp-content\/uploads\/2026\/03\/SDJ-Boton-Presskit.png 700w, https:\/\/senoradj.com\/wp-content\/uploads\/2026\/03\/SDJ-Boton-Presskit-300x141.png 300w\" sizes=\"(max-width: 700px) 100vw, 700px\" \/>\t\t\t\t\t\t\t\t<\/a>\n\t\t\t\t\t\t\t\t\t\t\t\t\t\t\t<\/div>\n\t\t\t\t<\/div>\n\t\t\t\t<div class=\"elementor-element elementor-element-63554eb elementor-widget elementor-widget-image\" data-id=\"63554eb\" data-element_type=\"widget\" data-e-type=\"widget\" data-widget_type=\"image.default\">\n\t\t\t\t<div class=\"elementor-widget-container\">\n\t\t\t\t\t\t\t\t\t\t\t\t\t\t\t\t<a href=\"mailto:contratacion@esmerarte.com\">\n\t\t\t\t\t\t\t<img decoding=\"async\" width=\"440\" height=\"44\" src=\"https:\/\/senoradj.com\/wp-content\/uploads\/2026\/02\/Recurso-1.png\" class=\"attachment-full size-full wp-image-310\" alt=\"\" srcset=\"https:\/\/senoradj.com\/wp-content\/uploads\/2026\/02\/Recurso-1.png 440w, https:\/\/senoradj.com\/wp-content\/uploads\/2026\/02\/Recurso-1-300x30.png 300w\" sizes=\"(max-width: 440px) 100vw, 440px\" \/>\t\t\t\t\t\t\t\t<\/a>\n\t\t\t\t\t\t\t\t\t\t\t\t\t\t\t<\/div>\n\t\t\t\t<\/div>\n\t\t\t\t<div class=\"elementor-element elementor-element-5f18a5b elementor-align-center elementor-widget elementor-widget-button\" data-id=\"5f18a5b\" data-element_type=\"widget\" data-e-type=\"widget\" data-widget_type=\"button.default\">\n\t\t\t\t<div class=\"elementor-widget-container\">\n\t\t\t\t\t\t\t\t\t<div class=\"elementor-button-wrapper\">\n\t\t\t\t\t<a class=\"elementor-button elementor-button-link elementor-size-sm\" href=\"https:\/\/senoradj.com\/index.php\/politica-privacidad\/\">\n\t\t\t\t\t\t<span class=\"elementor-button-content-wrapper\">\n\t\t\t\t\t\t\t\t\t<span class=\"elementor-button-text\">POL\u00cdTICA DE PRIVACIDAD<\/span>\n\t\t\t\t\t<\/span>\n\t\t\t\t\t<\/a>\n\t\t\t\t<\/div>\n\t\t\t\t\t\t\t\t<\/div>\n\t\t\t\t<\/div>\n\t\t\t\t\t<\/div>\n\t\t<\/div>\n\t\t\t\t\t<\/div>\n\t\t<\/section>\n\t\t\t\t<\/div>\n\t\t","protected":false},"excerpt":{"rendered":"<p>SE\u00d1ORA DJ Natural de Vilagarc\u00eda de Arousa, Galicia,\u00a0es sin\u00f3nimo de fiesta, baile y diversidad.\u00a0Con un pie en la cabina y [&hellip;]<\/p>\n","protected":false},"author":2,"featured_media":586,"parent":0,"menu_order":0,"comment_status":"closed","ping_status":"closed","template":"","meta":{"site-sidebar-layout":"no-sidebar","site-content-layout":"","ast-site-content-layout":"full-width-container","site-content-style":"default","site-sidebar-style":"default","ast-global-header-display":"","ast-banner-title-visibility":"","ast-main-header-display":"","ast-hfb-above-header-display":"","ast-hfb-below-header-display":"","ast-hfb-mobile-header-display":"","site-post-title":"disabled","ast-breadcrumbs-content":"","ast-featured-img":"disabled","footer-sml-layout":"","ast-disable-related-posts":"","theme-transparent-header-meta":"","adv-header-id-meta":"","stick-header-meta":"","header-above-stick-meta":"","header-main-stick-meta":"","header-below-stick-meta":"","astra-migrate-meta-layouts":"default","ast-page-background-enabled":"default","ast-page-background-meta":{"desktop":{"background-color":"var(--ast-global-color-5)","background-image":"","background-repeat":"repeat","background-position":"center center","background-size":"auto","background-attachment":"scroll","background-type":"","background-media":"","overlay-type":"","overlay-color":"","overlay-opacity":"","overlay-gradient":""},"tablet":{"background-color":"","background-image":"","background-repeat":"repeat","background-position":"center center","background-size":"auto","background-attachment":"scroll","background-type":"","background-media":"","overlay-type":"","overlay-color":"","overlay-opacity":"","overlay-gradient":""},"mobile":{"background-color":"","background-image":"","background-repeat":"repeat","background-position":"center center","background-size":"auto","background-attachment":"scroll","background-type":"","background-media":"","overlay-type":"","overlay-color":"","overlay-opacity":"","overlay-gradient":""}},"ast-content-background-meta":{"desktop":{"background-color":"var(--ast-global-color-4)","background-image":"","background-repeat":"repeat","background-position":"center center","background-size":"auto","background-attachment":"scroll","background-type":"","background-media":"","overlay-type":"","overlay-color":"","overlay-opacity":"","overlay-gradient":""},"tablet":{"background-color":"var(--ast-global-color-4)","background-image":"","background-repeat":"repeat","background-position":"center center","background-size":"auto","background-attachment":"scroll","background-type":"","background-media":"","overlay-type":"","overlay-color":"","overlay-opacity":"","overlay-gradient":""},"mobile":{"background-color":"var(--ast-global-color-4)","background-image":"","background-repeat":"repeat","background-position":"center center","background-size":"auto","background-attachment":"scroll","background-type":"","background-media":"","overlay-type":"","overlay-color":"","overlay-opacity":"","overlay-gradient":""}},"footnotes":""},"class_list":["post-660","page","type-page","status-publish","has-post-thumbnail","hentry"],"yoast_head":"<!-- This site is optimized with the Yoast SEO plugin v27.2 - https:\/\/yoast.com\/product\/yoast-seo-wordpress\/ -->\n<title>SE\u00d1ORA DJ - BIO<\/title>\n<meta name=\"description\" content=\"Con un pie en la cabina y otro en la pista, Se\u00f1ora DJ convierte cada sesi\u00f3n en un ritual de baile, diversidad y desparrame colectivo\" \/>\n<meta name=\"robots\" content=\"index, follow, max-snippet:-1, max-image-preview:large, max-video-preview:-1\" \/>\n<link rel=\"canonical\" href=\"https:\/\/senoradj.com\/index.php\/bio\/\" \/>\n<meta property=\"og:locale\" content=\"es_ES\" \/>\n<meta property=\"og:type\" content=\"article\" \/>\n<meta property=\"og:title\" content=\"SE\u00d1ORA DJ - BIO\" \/>\n<meta property=\"og:description\" content=\"Con un pie en la cabina y otro en la pista, Se\u00f1ora DJ convierte cada sesi\u00f3n en un ritual de baile, diversidad y desparrame colectivo\" \/>\n<meta property=\"og:url\" content=\"https:\/\/senoradj.com\/index.php\/bio\/\" \/>\n<meta property=\"article:modified_time\" content=\"2026-03-11T12:16:38+00:00\" \/>\n<meta property=\"og:image\" content=\"https:\/\/senoradj.com\/wp-content\/uploads\/2026\/03\/n0076-aigiboga-scaled.jpg\" \/>\n\t<meta property=\"og:image:width\" content=\"1707\" \/>\n\t<meta property=\"og:image:height\" content=\"2560\" \/>\n\t<meta property=\"og:image:type\" content=\"image\/jpeg\" \/>\n<meta name=\"twitter:card\" content=\"summary_large_image\" \/>\n<meta name=\"twitter:label1\" content=\"Tiempo de lectura\" \/>\n\t<meta name=\"twitter:data1\" content=\"2 minutos\" \/>\n<!-- \/ Yoast SEO plugin. -->","yoast_head_json":{"title":"SE\u00d1ORA DJ - BIO","description":"Con un pie en la cabina y otro en la pista, Se\u00f1ora DJ convierte cada sesi\u00f3n en un ritual de baile, diversidad y desparrame colectivo","robots":{"index":"index","follow":"follow","max-snippet":"max-snippet:-1","max-image-preview":"max-image-preview:large","max-video-preview":"max-video-preview:-1"},"canonical":"https:\/\/senoradj.com\/index.php\/bio\/","og_locale":"es_ES","og_type":"article","og_title":"SE\u00d1ORA DJ - BIO","og_description":"Con un pie en la cabina y otro en la pista, Se\u00f1ora DJ convierte cada sesi\u00f3n en un ritual de baile, diversidad y desparrame colectivo","og_url":"https:\/\/senoradj.com\/index.php\/bio\/","article_modified_time":"2026-03-11T12:16:38+00:00","og_image":[{"width":1707,"height":2560,"url":"https:\/\/senoradj.com\/wp-content\/uploads\/2026\/03\/n0076-aigiboga-scaled.jpg","type":"image\/jpeg"}],"twitter_card":"summary_large_image","twitter_misc":{"Tiempo de lectura":"2 minutos"},"schema":{"@context":"https:\/\/schema.org","@graph":[{"@type":"WebPage","@id":"https:\/\/senoradj.com\/index.php\/bio\/","url":"https:\/\/senoradj.com\/index.php\/bio\/","name":"SE\u00d1ORA DJ - BIO","isPartOf":{"@id":"https:\/\/senoradj.com\/#website"},"primaryImageOfPage":{"@id":"https:\/\/senoradj.com\/index.php\/bio\/#primaryimage"},"image":{"@id":"https:\/\/senoradj.com\/index.php\/bio\/#primaryimage"},"thumbnailUrl":"https:\/\/senoradj.com\/wp-content\/uploads\/2026\/03\/n0076-aigiboga-scaled.jpg","datePublished":"2026-03-11T11:41:51+00:00","dateModified":"2026-03-11T12:16:38+00:00","description":"Con un pie en la cabina y otro en la pista, Se\u00f1ora DJ convierte cada sesi\u00f3n en un ritual de baile, diversidad y desparrame colectivo","breadcrumb":{"@id":"https:\/\/senoradj.com\/index.php\/bio\/#breadcrumb"},"inLanguage":"es","potentialAction":[{"@type":"ReadAction","target":["https:\/\/senoradj.com\/index.php\/bio\/"]}]},{"@type":"ImageObject","inLanguage":"es","@id":"https:\/\/senoradj.com\/index.php\/bio\/#primaryimage","url":"https:\/\/senoradj.com\/wp-content\/uploads\/2026\/03\/n0076-aigiboga-scaled.jpg","contentUrl":"https:\/\/senoradj.com\/wp-content\/uploads\/2026\/03\/n0076-aigiboga-scaled.jpg","width":1707,"height":2560},{"@type":"BreadcrumbList","@id":"https:\/\/senoradj.com\/index.php\/bio\/#breadcrumb","itemListElement":[{"@type":"ListItem","position":1,"name":"Portada","item":"https:\/\/senoradj.com\/"},{"@type":"ListItem","position":2,"name":"BIO"}]},{"@type":"WebSite","@id":"https:\/\/senoradj.com\/#website","url":"https:\/\/senoradj.com\/","name":"","description":"No quiero ser otra dj, quiero ser algo m\u00e1s","potentialAction":[{"@type":"SearchAction","target":{"@type":"EntryPoint","urlTemplate":"https:\/\/senoradj.com\/?s={search_term_string}"},"query-input":{"@type":"PropertyValueSpecification","valueRequired":true,"valueName":"search_term_string"}}],"inLanguage":"es"}]}},"_links":{"self":[{"href":"https:\/\/senoradj.com\/index.php\/wp-json\/wp\/v2\/pages\/660","targetHints":{"allow":["GET"]}}],"collection":[{"href":"https:\/\/senoradj.com\/index.php\/wp-json\/wp\/v2\/pages"}],"about":[{"href":"https:\/\/senoradj.com\/index.php\/wp-json\/wp\/v2\/types\/page"}],"author":[{"embeddable":true,"href":"https:\/\/senoradj.com\/index.php\/wp-json\/wp\/v2\/users\/2"}],"replies":[{"embeddable":true,"href":"https:\/\/senoradj.com\/index.php\/wp-json\/wp\/v2\/comments?post=660"}],"version-history":[{"count":31,"href":"https:\/\/senoradj.com\/index.php\/wp-json\/wp\/v2\/pages\/660\/revisions"}],"predecessor-version":[{"id":714,"href":"https:\/\/senoradj.com\/index.php\/wp-json\/wp\/v2\/pages\/660\/revisions\/714"}],"wp:featuredmedia":[{"embeddable":true,"href":"https:\/\/senoradj.com\/index.php\/wp-json\/wp\/v2\/media\/586"}],"wp:attachment":[{"href":"https:\/\/senoradj.com\/index.php\/wp-json\/wp\/v2\/media?parent=660"}],"curies":[{"name":"wp","href":"https:\/\/api.w.org\/{rel}","templated":true}]}}